{"id":217,"date":"2024-07-13T16:58:54","date_gmt":"2024-07-13T16:58:54","guid":{"rendered":"https:\/\/demosites.royal-elementor-addons.com\/fashion-v3\/?post_type=product&#038;p=217"},"modified":"2026-03-12T16:14:15","modified_gmt":"2026-03-12T16:14:15","slug":"bold-statement-necklace","status":"publish","type":"product","link":"https:\/\/dominiumshop.com.br\/?product=bold-statement-necklace","title":{"rendered":"Smart TV 50&#8243; 4K Samsung 50U8600F Crystal HDR Tizen Alexa e Xbox Gaming"},"content":{"rendered":"<div class=\"css-cs5a0t\">\n<div class=\"dsvia-flex css-rtcfjm\" data-testid=\"dsvia-base-div\">\n<p class=\"dsvia-text css-bqvivw\"><strong>Conversor para TV digital integrado<\/strong><\/p>\n<p><span class=\"css-emfmc0\">sim<\/span><\/p>\n<\/div>\n<\/div>\n<div class=\"css-cs5a0t\">\n<div class=\"dsvia-flex css-rtcfjm\" data-testid=\"dsvia-base-div\">\n<p class=\"dsvia-text css-bqvivw\">Tamanho da tela<\/p>\n<p><span class=\"css-emfmc0\">&#8211; 50&#8243; &#8211; 50 a 59 polegadas<\/span><\/p>\n<\/div>\n<\/div>\n<div class=\"css-cs5a0t\">\n<div class=\"dsvia-flex css-rtcfjm\" data-testid=\"dsvia-base-div\">\n<p class=\"dsvia-text css-bqvivw\">\u00d3culos 3D<\/p>\n<p><span class=\"css-emfmc0\">n\u00e3o<\/span><\/p>\n<\/div>\n<\/div>\n<div class=\"css-1h51iw\">\n<div class=\"dsvia-flex css-rtcfjm\" data-testid=\"dsvia-base-div\">\n<p class=\"dsvia-text css-bqvivw\"><strong>Caracter\u00edsticas Gerais<\/strong><\/p>\n<p><span class=\"css-emfmc0\">-Tela Crystal UHD 4K de 50&#8243; com resolu\u00e7\u00e3o quatro vezes maior que o Full HD;<br \/>\n-Processador Crystal 4K otimiza qualquer conte\u00fado para resolu\u00e7\u00e3o pr\u00f3xima a 4K;<br \/>\n-Tecnologia HDR com realce de contraste para mais brilho e profundidade;<br \/>\n-Sistema operacional Tizen com 7 anos de atualiza\u00e7\u00f5es garantidas;<br \/>\n-Interface One UI Tizen com navega\u00e7\u00e3o fluida e moderna;<br \/>\n-Alexa integrada para controle por comandos de voz;<br \/>\n-Xbox Cloud Gaming e GeForce Now integrados, sem necessidade de console;<br \/>\n-Samsung TV Plus com canais gratuitos de filmes, not\u00edcias, esportes e mais;<br \/>\n-Central de Seguran\u00e7a Knox com prote\u00e7\u00e3o de dados e senhas;<br \/>\n-SmartThings para controle de dispositivos inteligentes da casa;<br \/>\n-Home Insights com IA para sugerir rotinas personalizadas;<br \/>\n-Tecnologia Q-Symphony sincroniza TV e soundbar para som mais imersivo;<br \/>\n-Som em Movimento Virtual proporciona \u00e1udio 3D que acompanha a a\u00e7\u00e3o;<br \/>\n-Som Adaptativo ajusta o volume automaticamente conforme o ambiente;<br \/>\n-AI Energy Mode reduz o consumo de energia ajustando o brilho da tela automaticamente.<\/span><\/p>\n<\/div>\n<\/div>\n<div class=\"css-cs5a0t\">\n<div class=\"dsvia-flex css-rtcfjm\" data-testid=\"dsvia-base-div\">\n<p class=\"dsvia-text css-bqvivw\">Wi-Fi integrado<\/p>\n<p><span class=\"css-emfmc0\">Sim<\/span><\/p>\n<\/div>\n<\/div>\n<div class=\"css-cs5a0t\">\n<div class=\"dsvia-flex css-rtcfjm\" data-testid=\"dsvia-base-div\">\n<p class=\"dsvia-text css-bqvivw\">Streamings dispon\u00edveis<\/p>\n<p><span class=\"css-emfmc0\">Amazon Prime V\u00eddeo-Disney+-Netflix-Globo Play<\/span><\/p>\n<\/div>\n<\/div>\n<div class=\"css-cs5a0t\">\n<div class=\"dsvia-flex css-rtcfjm\" data-testid=\"dsvia-base-div\">\n<p class=\"dsvia-text css-bqvivw\">Tecnologia da Tela<\/p>\n<p><span class=\"css-emfmc0\">LED<\/span><\/p>\n<\/div>\n<\/div>\n<div class=\"css-cs5a0t\">\n<div class=\"dsvia-flex css-rtcfjm\" data-testid=\"dsvia-base-div\">\n<p class=\"dsvia-text css-bqvivw\">Formato da Tela<\/p>\n<p><span class=\"css-emfmc0\">Plana<\/span><\/p>\n<\/div>\n<\/div>\n<div class=\"css-cs5a0t\">\n<div class=\"dsvia-flex css-rtcfjm\" data-testid=\"dsvia-base-div\">\n<p class=\"dsvia-text css-bqvivw\">Est\u00e9reo<\/p>\n<p><span class=\"css-emfmc0\">Sim<\/span><\/p>\n<\/div>\n<\/div>\n<div class=\"css-cs5a0t\">\n<div class=\"dsvia-flex css-rtcfjm\" data-testid=\"dsvia-base-div\">\n<p class=\"dsvia-text css-bqvivw\">Resolu\u00e7\u00e3o<\/p>\n<p><span class=\"css-emfmc0\">Ultra HD 4k<\/span><\/p>\n<\/div>\n<\/div>\n<div class=\"css-cs5a0t\">\n<div class=\"dsvia-flex css-rtcfjm\" data-testid=\"dsvia-base-div\">\n<p class=\"dsvia-text css-bqvivw\">Fun\u00e7\u00e3o SAP<\/p>\n<p><span class=\"css-emfmc0\">Sim<\/span><\/p>\n<\/div>\n<\/div>\n<div class=\"css-cs5a0t\">\n<div class=\"dsvia-flex css-rtcfjm\" data-testid=\"dsvia-base-div\">\n<p class=\"dsvia-text css-bqvivw\">Sistema operacional<\/p>\n<p><span class=\"css-emfmc0\">Tizen<\/span><\/p>\n<\/div>\n<\/div>\n<div class=\"css-cs5a0t\">\n<div class=\"dsvia-flex css-rtcfjm\" data-testid=\"dsvia-base-div\">\n<p class=\"dsvia-text css-bqvivw\">Taxa de atualiza\u00e7\u00e3o (Hz):<\/p>\n<p><span class=\"css-emfmc0\">60 Hz<\/span><\/p>\n<\/div>\n<\/div>\n<div class=\"css-cs5a0t\">\n<div class=\"dsvia-flex css-rtcfjm\" data-testid=\"dsvia-base-div\">\n<p class=\"dsvia-text css-bqvivw\">Entrada USB<\/p>\n<p><span class=\"css-emfmc0\">1<\/span><\/p>\n<\/div>\n<\/div>\n<div class=\"css-cs5a0t\">\n<div class=\"dsvia-flex css-rtcfjm\" data-testid=\"dsvia-base-div\">\n<p class=\"dsvia-text css-bqvivw\">Entrada HDMI<\/p>\n<p><span class=\"css-emfmc0\">3<\/span><\/p>\n<\/div>\n<\/div>\n<div class=\"css-cs5a0t\">\n<div class=\"dsvia-flex css-rtcfjm\" data-testid=\"dsvia-base-div\">\n<p class=\"dsvia-text css-bqvivw\"><strong>Conex\u00f5es<\/strong><\/p>\n<p><span class=\"css-emfmc0\">&#8211; -Bluetooth 5.2;<br \/>\n-Ethernet (LAN);<br \/>\n-Entrada de RF.<br \/>\n&#8211; HDMI-USB-Wi-Fi-Bluetooth<\/span><\/p>\n<\/div>\n<\/div>\n<div class=\"css-cs5a0t\">\n<div class=\"dsvia-flex css-rtcfjm\" data-testid=\"dsvia-base-div\">\n<p class=\"dsvia-text css-bqvivw\">Controle remoto<\/p>\n<p><span class=\"css-emfmc0\">Sim<\/span><\/p>\n<\/div>\n<\/div>\n","protected":false},"excerpt":{"rendered":"<p>ACEITAMOS CART\u00d5ES E PIX<br \/>\nENTRETA GRATIS PARA TODA REGI\u00c3O METROPOLITANA<br \/>\n5% DESCONTO NA PRIMEIRA COMPRA COM CUPOM DOMINIUM5<\/p>\n","protected":false},"featured_media":3003,"comment_status":"open","ping_status":"closed","template":"","meta":{"_eb_attr":"","site-sidebar-layout":"default","site-content-layout":"","ast-site-content-layout":"default","site-content-style":"default","site-sidebar-style":"default","ast-global-header-display":"","ast-banner-title-visibility":"","ast-main-header-display":"","ast-hfb-above-header-display":"","ast-hfb-below-header-display":"","ast-hfb-mobile-header-display":"","site-post-title":"","ast-breadcrumbs-content":"","ast-featured-img":"","footer-sml-layout":"","ast-disable-related-posts":"","theme-transparent-header-meta":"","adv-header-id-meta":"","stick-header-meta":"","header-above-stick-meta":"","header-main-stick-meta":"","header-below-stick-meta":"","astra-migrate-meta-layouts":"default","ast-page-background-enabled":"default","ast-page-background-meta":{"desktop":{"background-color":"","background-image":"","background-repeat":"repeat","background-position":"center center","background-size":"auto","background-attachment":"scroll","background-type":"","background-media":"","overlay-type":"","overlay-color":"","overlay-opacity":"","overlay-gradient":""},"tablet":{"background-color":"","background-image":"","background-repeat":"repeat","background-position":"center center","background-size":"auto","background-attachment":"scroll","background-type":"","background-media":"","overlay-type":"","overlay-color":"","overlay-opacity":"","overlay-gradient":""},"mobile":{"background-color":"","background-image":"","background-repeat":"repeat","background-position":"center center","background-size":"auto","background-attachment":"scroll","background-type":"","background-media":"","overlay-type":"","overlay-color":"","overlay-opacity":"","overlay-gradient":""}},"ast-content-background-meta":{"desktop":{"background-color":"var(--ast-global-color-5)","background-image":"","background-repeat":"repeat","background-position":"center center","background-size":"auto","background-attachment":"scroll","background-type":"","background-media":"","overlay-type":"","overlay-color":"","overlay-opacity":"","overlay-gradient":""},"tablet":{"background-color":"var(--ast-global-color-5)","background-image":"","background-repeat":"repeat","background-position":"center center","background-size":"auto","background-attachment":"scroll","background-type":"","background-media":"","overlay-type":"","overlay-color":"","overlay-opacity":"","overlay-gradient":""},"mobile":{"background-color":"var(--ast-global-color-5)","background-image":"","background-repeat":"repeat","background-position":"center center","background-size":"auto","background-attachment":"scroll","background-type":"","background-media":"","overlay-type":"","overlay-color":"","overlay-opacity":"","overlay-gradient":""}},"_joinchat":[]},"product_brand":[100],"product_cat":[93],"product_tag":[],"class_list":{"0":"post-217","1":"product","2":"type-product","3":"status-publish","4":"has-post-thumbnail","6":"product_brand-sansumg","7":"product_cat-smart-tvs","8":"desktop-align-left","9":"tablet-align-left","10":"mobile-align-left","12":"first","13":"instock","14":"featured","15":"shipping-taxable","16":"purchasable","17":"product-type-simple"},"_links":{"self":[{"href":"https:\/\/dominiumshop.com.br\/index.php?rest_route=\/wp\/v2\/product\/217","targetHints":{"allow":["GET"]}}],"collection":[{"href":"https:\/\/dominiumshop.com.br\/index.php?rest_route=\/wp\/v2\/product"}],"about":[{"href":"https:\/\/dominiumshop.com.br\/index.php?rest_route=\/wp\/v2\/types\/product"}],"replies":[{"embeddable":true,"href":"https:\/\/dominiumshop.com.br\/index.php?rest_route=%2Fwp%2Fv2%2Fcomments&post=217"}],"wp:featuredmedia":[{"embeddable":true,"href":"https:\/\/dominiumshop.com.br\/index.php?rest_route=\/wp\/v2\/media\/3003"}],"wp:attachment":[{"href":"https:\/\/dominiumshop.com.br\/index.php?rest_route=%2Fwp%2Fv2%2Fmedia&parent=217"}],"wp:term":[{"taxonomy":"product_brand","embeddable":true,"href":"https:\/\/dominiumshop.com.br\/index.php?rest_route=%2Fwp%2Fv2%2Fproduct_brand&post=217"},{"taxonomy":"product_cat","embeddable":true,"href":"https:\/\/dominiumshop.com.br\/index.php?rest_route=%2Fwp%2Fv2%2Fproduct_cat&post=217"},{"taxonomy":"product_tag","embeddable":true,"href":"https:\/\/dominiumshop.com.br\/index.php?rest_route=%2Fwp%2Fv2%2Fproduct_tag&post=217"}],"curies":[{"name":"wp","href":"https:\/\/api.w.org\/{rel}","templated":true}]}}