{"id":3242,"date":"2026-03-14T12:49:18","date_gmt":"2026-03-14T12:49:18","guid":{"rendered":"https:\/\/dominiumshop.com.br\/?post_type=product&#038;p=3242"},"modified":"2026-04-09T14:24:18","modified_gmt":"2026-04-09T14:24:18","slug":"geladeira-consul-crm44mk-duplex-inverter-377l-frost-free-inox-copia","status":"publish","type":"product","link":"https:\/\/dominiumshop.com.br\/?product=geladeira-consul-crm44mk-duplex-inverter-377l-frost-free-inox-copia","title":{"rendered":"Geladeira Consul CRM44MK Duplex Inverter 377L Frost Free Inox (c\u00f3pia)"},"content":{"rendered":"<p>A\u00a0<strong>Geladeira Consul CRM44MK Frost Free 377L<\/strong>\u00a0oferece espa\u00e7o interno inteligente, economia, e design moderno para a cozinha. Com\u00a0<strong>Tecnologia Inverter<\/strong>, ela garante mais efici\u00eancia energ\u00e9tica e uma cozinha mais silenciosa.<\/p>\n<p>O grande diferencial est\u00e1 nas\u00a0<strong>prateleiras Altura Flex<\/strong>, que podem ser ajustadas em at\u00e9 4 n\u00edveis diferentes, permitindo que voc\u00ea acomode facilmente desde uma garrafa de 2L at\u00e9 uma melancia inteira. Perfeita para fam\u00edlias que precisam de praticidade no dia a dia.<\/p>\n<p>Seu\u00a0<strong>freezer espa\u00e7oso de 96 litros<\/strong>\u00a0permite organizar melhor os congelados sem a necessidade de malabarismos. Al\u00e9m disso, a ilumina\u00e7\u00e3o interna em\u00a0<strong>LED<\/strong>\u00a0facilita o acesso a todos os itens, mesmo \u00e0 noite.<\/p>\n<ul>\n<li style=\"list-style-type: none;\">\n<ul>\n<li>Painel de controle interno intuitivo<\/li>\n<\/ul>\n<\/li>\n<\/ul>\n<p>&nbsp;<\/p>\n<ul>\n<li style=\"list-style-type: none;\">\n<ul>\n<li>Fun\u00e7\u00e3o Turbo para resfriamento r\u00e1pido<\/li>\n<\/ul>\n<\/li>\n<\/ul>\n<p>&nbsp;<\/p>\n<ul>\n<li style=\"list-style-type: none;\">\n<ul>\n<li>Porta-ovos e forminhas de gelo inclusos<\/li>\n<\/ul>\n<\/li>\n<\/ul>\n<p>&nbsp;<\/p>\n<ul>\n<li style=\"list-style-type: none;\">\n<ul>\n<li>Revestimento Inox sofisticado que combina com qualquer ambiente<\/li>\n<\/ul>\n<\/li>\n<\/ul>\n<p>Com g\u00e1s ecol\u00f3gico\u00a0<strong>R600a<\/strong>, esta geladeira \u00e9 ainda mais sustent\u00e1vel. Seu baixo consumo de energia (apenas 24,9 kWh\/m\u00eas) lhe garante\u00a0<strong>classifica\u00e7\u00e3o A<\/strong>\u00a0em efici\u00eancia energ\u00e9tica.<\/p>\n<p>Invista na\u00a0<strong>Geladeira Consul CRM44MK<\/strong>\u00a0e leve para sua casa mais economia, organiza\u00e7\u00e3o e desempenho.<\/p>\n","protected":false},"excerpt":{"rendered":"<p>ACEITAMOS CART\u00d5ES E PIX<br \/>\nENTRETA GRATIS PARA TODA REGI\u00c3O METROPOLITANA<br \/>\n5% DESCONTO NA PRIMEIRA COMPRA COM CUPOM DOMINIUM5<\/p>\n","protected":false},"featured_media":3197,"comment_status":"open","ping_status":"closed","template":"","meta":{"_eb_attr":"","site-sidebar-layout":"default","site-content-layout":"","ast-site-content-layout":"default","site-content-style":"default","site-sidebar-style":"default","ast-global-header-display":"","ast-banner-title-visibility":"","ast-main-header-display":"","ast-hfb-above-header-display":"","ast-hfb-below-header-display":"","ast-hfb-mobile-header-display":"","site-post-title":"","ast-breadcrumbs-content":"","ast-featured-img":"","footer-sml-layout":"","ast-disable-related-posts":"","theme-transparent-header-meta":"","adv-header-id-meta":"","stick-header-meta":"","header-above-stick-meta":"","header-main-stick-meta":"","header-below-stick-meta":"","astra-migrate-meta-layouts":"default","ast-page-background-enabled":"default","ast-page-background-meta":{"desktop":{"background-color":"","background-image":"","background-repeat":"repeat","background-position":"center center","background-size":"auto","background-attachment":"scroll","background-type":"","background-media":"","overlay-type":"","overlay-color":"","overlay-opacity":"","overlay-gradient":""},"tablet":{"background-color":"","background-image":"","background-repeat":"repeat","background-position":"center center","background-size":"auto","background-attachment":"scroll","background-type":"","background-media":"","overlay-type":"","overlay-color":"","overlay-opacity":"","overlay-gradient":""},"mobile":{"background-color":"","background-image":"","background-repeat":"repeat","background-position":"center center","background-size":"auto","background-attachment":"scroll","background-type":"","background-media":"","overlay-type":"","overlay-color":"","overlay-opacity":"","overlay-gradient":""}},"ast-content-background-meta":{"desktop":{"background-color":"var(--ast-global-color-5)","background-image":"","background-repeat":"repeat","background-position":"center center","background-size":"auto","background-attachment":"scroll","background-type":"","background-media":"","overlay-type":"","overlay-color":"","overlay-opacity":"","overlay-gradient":""},"tablet":{"background-color":"var(--ast-global-color-5)","background-image":"","background-repeat":"repeat","background-position":"center center","background-size":"auto","background-attachment":"scroll","background-type":"","background-media":"","overlay-type":"","overlay-color":"","overlay-opacity":"","overlay-gradient":""},"mobile":{"background-color":"var(--ast-global-color-5)","background-image":"","background-repeat":"repeat","background-position":"center center","background-size":"auto","background-attachment":"scroll","background-type":"","background-media":"","overlay-type":"","overlay-color":"","overlay-opacity":"","overlay-gradient":""}},"_joinchat":[]},"product_brand":[106],"product_cat":[94],"product_tag":[],"class_list":{"0":"post-3242","1":"product","2":"type-product","3":"status-publish","4":"has-post-thumbnail","6":"product_brand-consul","7":"product_cat-geladeiras","8":"desktop-align-left","9":"tablet-align-left","10":"mobile-align-left","12":"first","13":"instock","14":"sale","15":"shipping-taxable","16":"purchasable","17":"product-type-variable"},"_links":{"self":[{"href":"https:\/\/dominiumshop.com.br\/index.php?rest_route=\/wp\/v2\/product\/3242","targetHints":{"allow":["GET"]}}],"collection":[{"href":"https:\/\/dominiumshop.com.br\/index.php?rest_route=\/wp\/v2\/product"}],"about":[{"href":"https:\/\/dominiumshop.com.br\/index.php?rest_route=\/wp\/v2\/types\/product"}],"replies":[{"embeddable":true,"href":"https:\/\/dominiumshop.com.br\/index.php?rest_route=%2Fwp%2Fv2%2Fcomments&post=3242"}],"wp:featuredmedia":[{"embeddable":true,"href":"https:\/\/dominiumshop.com.br\/index.php?rest_route=\/wp\/v2\/media\/3197"}],"wp:attachment":[{"href":"https:\/\/dominiumshop.com.br\/index.php?rest_route=%2Fwp%2Fv2%2Fmedia&parent=3242"}],"wp:term":[{"taxonomy":"product_brand","embeddable":true,"href":"https:\/\/dominiumshop.com.br\/index.php?rest_route=%2Fwp%2Fv2%2Fproduct_brand&post=3242"},{"taxonomy":"product_cat","embeddable":true,"href":"https:\/\/dominiumshop.com.br\/index.php?rest_route=%2Fwp%2Fv2%2Fproduct_cat&post=3242"},{"taxonomy":"product_tag","embeddable":true,"href":"https:\/\/dominiumshop.com.br\/index.php?rest_route=%2Fwp%2Fv2%2Fproduct_tag&post=3242"}],"curies":[{"name":"wp","href":"https:\/\/api.w.org\/{rel}","templated":true}]}}